{"id":174,"date":"2024-10-27T22:00:13","date_gmt":"2024-10-27T22:00:13","guid":{"rendered":"https:\/\/kbfi.onesoftmedia.com\/?page_id=174"},"modified":"2024-10-27T22:02:16","modified_gmt":"2024-10-27T22:02:16","slug":"cegtortenet","status":"publish","type":"page","link":"https:\/\/kbfi.onesoftmedia.com\/index.php\/cegtortenet\/","title":{"rendered":"C\u00e9gt\u00f6rt\u00e9net"},"content":{"rendered":"\t\t<div data-elementor-type=\"wp-page\" data-elementor-id=\"174\" class=\"elementor elementor-174\" data-elementor-post-type=\"page\">\n\t\t\t\t\t\t<section class=\"elementor-section elementor-top-section elementor-element elementor-element-c9e1371 elementor-section-boxed elementor-section-height-default elementor-section-height-default\" data-id=\"c9e1371\" data-element_type=\"section\" data-settings=\"{&quot;background_background&quot;:&quot;classic&quot;}\">\n\t\t\t\t\t\t<div class=\"elementor-container elementor-column-gap-wide\">\n\t\t\t\t\t<div class=\"elementor-column elementor-col-100 elementor-top-column elementor-element elementor-element-3e64a87c\" data-id=\"3e64a87c\" data-element_type=\"column\">\n\t\t\t<div class=\"elementor-widget-wrap elementor-element-populated\">\n\t\t\t\t\t\t<div class=\"elementor-element elementor-element-5e3ad22c elementor-widget elementor-widget-heading\" data-id=\"5e3ad22c\" data-element_type=\"widget\" data-widget_type=\"heading.default\">\n\t\t\t\t<div class=\"elementor-widget-container\">\n\t\t\t\t\t<h3 class=\"elementor-heading-title elementor-size-default\">C\u00e9gt\u00f6rt\u00e9net:\n<\/h3>\t\t\t\t<\/div>\n\t\t\t\t<\/div>\n\t\t\t\t<div class=\"elementor-element elementor-element-6cb550fb elementor-widget elementor-widget-text-editor\" data-id=\"6cb550fb\" data-element_type=\"widget\" data-widget_type=\"text-editor.default\">\n\t\t\t\t<div class=\"elementor-widget-container\">\n\t\t\t\t\t\t\t\t\t<p>A KBFI-UNI\u00d3 Kft. a K\u00f6zponti B\u00e1ny\u00e1szati Fejleszt\u00e9si Int\u00e9zetb\u0151l 1990-ben megalakult gazdas\u00e1gi t\u00e1rsas\u00e1g, melyet m\u00e9rn\u00f6k\u00f6k hoztak l\u00e9tre. Sok \u00e9ve gy\u00e1rt, szervizel defektoszk\u00f3pokat, sz\u00e1ll\u00edt\u00f3tart\u00f3kat, radioakt\u00edv sug\u00e1rv\u00e9delmi eszk\u00f6z\u00f6ket \u00e9s ell\u00e1tja ezek t\u00f6rv\u00e9nyileg el\u0151\u00edrt fel\u00fcgyelet\u00e9t.<\/p><p>Mivel a nagy aktivit\u00e1s\u00fa berendez\u00e9sek \u00fczemeltet\u00e9se a legnagyobb gondoss\u00e1g mellett is vesz\u00e9lyes, a KBFI-UNI\u00d3 Kft. felk\u00e9sz\u00fclt minden lehets\u00e9ges \u00fczemzavar, vagy baleset biztons\u00e1gos elh\u00e1r\u00edt\u00e1s\u00e1ra. E c\u00e9lra olyan ment\u0151rudak, t\u00e1vfog\u00f3k k\u00fcl\u00f6nleges sug\u00e1rv\u00e9d\u0151 ment\u0151tart\u00f3k \u00e1llnak rendelkez\u00e9sre, amelyek az \u00e9vek sor\u00e1n sok esetben lehet\u0151v\u00e9 tett\u00e9k a m\u0171szaki hib\u00e1k sz\u00e1mottev\u0151 sug\u00e1rterhel\u00e9s n\u00e9lk\u00fcli elh\u00e1r\u00edt\u00e1s\u00e1t. Felk\u00e9sz\u00fclts\u00e9ge lehet\u0151v\u00e9 teszi, hogy h\u00edv\u00e1s eset\u00e9n r\u00f6vid id\u0151n bel\u00fcl speci\u00e1lis eszk\u00f6z\u00f6kkel felszerelt szakemberei a sz\u00fcks\u00e9ges tev\u00e9kenys\u00e9get megkezdje.<\/p><p>Tev\u00e9kenys\u00e9g\u00fcnk k\u00f6z\u00e9 tartozik a radioakt\u00edv sug\u00e1rforr\u00e1sok ki-be szerel\u00e9se, valamint temet\u00e9se, k\u00fcl\u00f6nb\u00f6z\u0151 t\u00edpus\u00fa sug\u00e1rforr\u00e1s tart\u00f3kb\u00f3l.<\/p><p>A radioizot\u00f3pos berendez\u00e9sek fejleszt\u00e9se, gy\u00e1rt\u00e1sa szervizel\u00e9se k\u00f6vetkezt\u00e9ben sz\u00e9lesk\u00f6r\u0171 ipari kapcsolat alakult ki az iparv\u00e1llalatokkal.<\/p><p>R\u00f6ntgen laborok biztons\u00e1gi rendszer\u00e9nek ki\u00e9p\u00edt\u00e9s\u00e9t is v\u00e1llaljuk. Erre t\u00f6bb r\u00f6ntgenlabornak biztons\u00e1gi rendszere a referencia.<\/p><p>Gy\u00e1rtm\u00e1nyaink k\u00f6z\u00e9 tartoznak k\u00fcl\u00f6nf\u00e9le radioakt\u00edv sug\u00e1rz\u00e1sm\u00e9r\u0151 (DM-01), radioakt\u00edv sug\u00e1rz\u00e1sjelz\u0151 (SL l\u00e1mpa), illetve egy\u00e9ni d\u00f3zisszintjelz\u0151 k\u00e9sz\u00fcl\u00e9kek (DSZJ-E, DSZJ-F)gy\u00e1rt\u00e1sa, mellyel Magyarorsz\u00e1gon az \u00f6sszes izot\u00f3ptechnik\u00e1val foglalkoz\u00f3 ipari v\u00e1llalatot ell\u00e1ttunk.<\/p><p>C\u00e9g\u00fcnkn\u00e9l v\u00e1s\u00e1rolhat\u00f3 ADR felszerel\u00e9s, r\u00f6ntgenfilm \u00e9rt\u00e9kel\u0151 l\u00e1mpa, illetve radioizot\u00f3pos anyagvizsg\u00e1lat v\u00e9gz\u00e9s\u00e9n\u00e9l k\u00f6telez\u0151 kollim\u00e1tor.<\/p><p>V\u00e1llaljuk ipari \u00e9s orvosi sug\u00e1rforr\u00e1sok sz\u00e1ll\u00edt\u00e1s\u00e1t \u00e9s b\u00e9rt\u00e1rol\u00e1s\u00e1t, megfelel\u0151 h\u00e1tt\u00e9rrel \u00e9s felk\u00e9sz\u00fclt szakemberekkel. K\u00fcls\u0151 v\u00e1llalatoknak t\u00f6bb \u00e9ve\u00a0 ell\u00e1tjuk a vesz\u00e9lyes \u00e1r\u00fa biztons\u00e1gi tan\u00e1csad\u00e1s\u00e1t (7. oszt\u00e1ly radioakt\u00edv anyagok).<\/p><p>2012 \u00e9vben telephely\u00fcnk\u00f6n C szint\u0171 izot\u00f3plaborat\u00f3rium l\u00e9tes\u00edt\u00e9se t\u00f6rt\u00e9nt, melynek k\u00f6vetkezt\u00e9ben m\u00e1r nyitott radioakt\u00edv anyagokkal t\u00f6rt\u00e9n\u0151 alkalmaz\u00e1sokra is enged\u00e9lyt szerezt\u00fcnk. Ennek eredm\u00e9nyek\u00e9ppen \u00faj tev\u00e9kenys\u00e9gk\u00e9nt ioniz\u00e1ci\u00f3s f\u00fcst\u00e9rz\u00e9kel\u0151kben tal\u00e1lhat\u00f3 sug\u00e1rforr\u00e1sok ki- \u00e9s beszerel\u00e9s\u00e9re, t\u00e1rol\u00e1s\u00e1ra \u00e9s v\u00e9gleges elhelyez\u00e9s\u00e9re ny\u00edlt lehet\u0151s\u00e9g.<\/p><p>Eszk\u00f6zeink \u00e9s tev\u00e9kenys\u00e9g\u00fcnk fejleszt\u00e9s\u00e9nek eredm\u00e9nyek\u00e9ppen, k\u00e9pesek vagyunk sug\u00e1rz\u00e1s, illetve radioakt\u00edv szennyezetts\u00e9g m\u00e9r\u00e9s\u00e9re, felt\u00e9rk\u00e9pez\u00e9s\u00e9re mind a lakoss\u00e1gi, mind az ipari k\u00f6r\u00f6kben.<\/p><p>A roncsol\u00e1smentes anyagvizsg\u00e1lat fejl\u0151d\u00e9s\u00e9t l\u00e1tva, a kor\u00e1bbi r\u00f6ntgen \u00e9s izot\u00f3pos vizsg\u00e1latainkat kiterjesztett\u00fck egy\u00e9b ter\u00fcletekre is. Ennek eredm\u00e9nye, hogy m\u00e1r ultrahangos, vizu\u00e1lis, m\u00e1gnesezhet\u0151 poros, folyad\u00e9kbehatol\u00e1sos vizsg\u00e1latokra is fel vagyunk k\u00e9sz\u0171lve.<\/p>\t\t\t\t\t\t\t\t<\/div>\n\t\t\t\t<\/div>\n\t\t\t\t\t<\/div>\n\t\t<\/div>\n\t\t\t\t\t<\/div>\n\t\t<\/section>\n\t\t\t\t<section class=\"elementor-section elementor-top-section elementor-element elementor-element-1cf0e11d elementor-section-boxed elementor-section-height-default elementor-section-height-default\" data-id=\"1cf0e11d\" data-element_type=\"section\">\n\t\t\t\t\t\t<div class=\"elementor-container elementor-column-gap-wide\">\n\t\t\t\t\t<div class=\"elementor-column elementor-col-100 elementor-top-column elementor-element elementor-element-74abc6c8\" data-id=\"74abc6c8\" data-element_type=\"column\">\n\t\t\t<div class=\"elementor-widget-wrap elementor-element-populated\">\n\t\t\t\t\t\t<div class=\"elementor-element elementor-element-3e87f69f elementor-widget elementor-widget-heading\" data-id=\"3e87f69f\" data-element_type=\"widget\" data-widget_type=\"heading.default\">\n\t\t\t\t<div class=\"elementor-widget-container\">\n\t\t\t\t\t<h3 class=\"elementor-heading-title elementor-size-default\">Still no luck? we can help!<\/h3>\t\t\t\t<\/div>\n\t\t\t\t<\/div>\n\t\t\t\t<div class=\"elementor-element elementor-element-22b9d706 elementor-align-center elementor-widget elementor-widget-button\" data-id=\"22b9d706\" data-element_type=\"widget\" data-widget_type=\"button.default\">\n\t\t\t\t<div class=\"elementor-widget-container\">\n\t\t\t\t\t\t\t\t\t<div class=\"elementor-button-wrapper\">\n\t\t\t\t\t<a class=\"elementor-button elementor-button-link elementor-size-sm\" href=\"https:\/\/energeticthemes.com\/wp-templates\/sanat\/contact-us\/\">\n\t\t\t\t\t\t<span class=\"elementor-button-content-wrapper\">\n\t\t\t\t\t\t\t\t\t<span class=\"elementor-button-text\">Submit a request<\/span>\n\t\t\t\t\t<\/span>\n\t\t\t\t\t<\/a>\n\t\t\t\t<\/div>\n\t\t\t\t\t\t\t\t<\/div>\n\t\t\t\t<\/div>\n\t\t\t\t\t<\/div>\n\t\t<\/div>\n\t\t\t\t\t<\/div>\n\t\t<\/section>\n\t\t\t\t<\/div>\n\t\t","protected":false},"excerpt":{"rendered":"<p>C\u00e9gt\u00f6rt\u00e9net: A KBFI-UNI\u00d3 Kft. a K\u00f6zponti B\u00e1ny\u00e1szati Fejleszt\u00e9si Int\u00e9zetb\u0151l 1990-ben megalakult gazdas\u00e1gi t\u00e1rsas\u00e1g, melyet m\u00e9rn\u00f6k\u00f6k hoztak l\u00e9tre. Sok \u00e9ve gy\u00e1rt, szervizel defektoszk\u00f3pokat, sz\u00e1ll\u00edt\u00f3tart\u00f3kat, radioakt\u00edv sug\u00e1rv\u00e9delmi eszk\u00f6z\u00f6ket \u00e9s ell\u00e1tja ezek t\u00f6rv\u00e9nyileg el\u0151\u00edrt fel\u00fcgyelet\u00e9t. Mivel a nagy aktivit\u00e1s\u00fa berendez\u00e9sek \u00fczemeltet\u00e9se a legnagyobb gondoss\u00e1g mellett is vesz\u00e9lyes, a KBFI-UNI\u00d3 Kft. felk\u00e9sz\u00fclt minden lehets\u00e9ges \u00fczemzavar, vagy baleset biztons\u00e1gos elh\u00e1r\u00edt\u00e1s\u00e1ra. [&hellip;]<\/p>\n","protected":false},"author":1,"featured_media":0,"parent":0,"menu_order":0,"comment_status":"closed","ping_status":"closed","template":"","meta":{"footnotes":""},"class_list":["post-174","page","type-page","status-publish","hentry"],"_links":{"self":[{"href":"https:\/\/kbfi.onesoftmedia.com\/index.php\/wp-json\/wp\/v2\/pages\/174","targetHints":{"allow":["GET"]}}],"collection":[{"href":"https:\/\/kbfi.onesoftmedia.com\/index.php\/wp-json\/wp\/v2\/pages"}],"about":[{"href":"https:\/\/kbfi.onesoftmedia.com\/index.php\/wp-json\/wp\/v2\/types\/page"}],"author":[{"embeddable":true,"href":"https:\/\/kbfi.onesoftmedia.com\/index.php\/wp-json\/wp\/v2\/users\/1"}],"replies":[{"embeddable":true,"href":"https:\/\/kbfi.onesoftmedia.com\/index.php\/wp-json\/wp\/v2\/comments?post=174"}],"version-history":[{"count":4,"href":"https:\/\/kbfi.onesoftmedia.com\/index.php\/wp-json\/wp\/v2\/pages\/174\/revisions"}],"predecessor-version":[{"id":178,"href":"https:\/\/kbfi.onesoftmedia.com\/index.php\/wp-json\/wp\/v2\/pages\/174\/revisions\/178"}],"wp:attachment":[{"href":"https:\/\/kbfi.onesoftmedia.com\/index.php\/wp-json\/wp\/v2\/media?parent=174"}],"curies":[{"name":"wp","href":"https:\/\/api.w.org\/{rel}","templated":true}]}}