{"id":184,"date":"2024-10-27T22:09:28","date_gmt":"2024-10-27T22:09:28","guid":{"rendered":"https:\/\/kbfi.onesoftmedia.com\/?page_id=184"},"modified":"2024-11-09T12:52:11","modified_gmt":"2024-11-09T12:52:11","slug":"sugarforrasok-radioaktiv-anyagok-szallitasa","status":"publish","type":"page","link":"https:\/\/kbfi.onesoftmedia.com\/index.php\/sugarforrasok-radioaktiv-anyagok-szallitasa\/","title":{"rendered":"Sug\u00e1rforr\u00e1sok, radioakt\u00edv anyagok sz\u00e1ll\u00edt\u00e1sa"},"content":{"rendered":"\t\t<div data-elementor-type=\"wp-page\" data-elementor-id=\"184\" class=\"elementor elementor-184\" data-elementor-post-type=\"page\">\n\t\t\t\t\t\t<section class=\"elementor-section elementor-top-section elementor-element elementor-element-7205fd0 elementor-section-boxed elementor-section-height-default elementor-section-height-default\" data-id=\"7205fd0\" data-element_type=\"section\" data-settings=\"{&quot;background_background&quot;:&quot;classic&quot;}\">\n\t\t\t\t\t\t<div class=\"elementor-container elementor-column-gap-wide\">\n\t\t\t\t\t<div class=\"elementor-column elementor-col-100 elementor-top-column elementor-element elementor-element-b1e2943\" data-id=\"b1e2943\" data-element_type=\"column\">\n\t\t\t<div class=\"elementor-widget-wrap elementor-element-populated\">\n\t\t\t\t\t\t<div class=\"elementor-element elementor-element-4e96e732 elementor-widget elementor-widget-heading\" data-id=\"4e96e732\" data-element_type=\"widget\" data-widget_type=\"heading.default\">\n\t\t\t\t<div class=\"elementor-widget-container\">\n\t\t\t\t\t<h3 class=\"elementor-heading-title elementor-size-default\">\nSug\u00e1rforr\u00e1sok, radioakt\u00edv anyagok sz\u00e1ll\u00edt\u00e1sa\n<\/h3>\t\t\t\t<\/div>\n\t\t\t\t<\/div>\n\t\t\t\t<div class=\"elementor-element elementor-element-adc1260 elementor-widget elementor-widget-image\" data-id=\"adc1260\" data-element_type=\"widget\" data-widget_type=\"image.default\">\n\t\t\t\t<div class=\"elementor-widget-container\">\n\t\t\t\t\t\t\t\t\t\t\t\t\t\t\t<img fetchpriority=\"high\" decoding=\"async\" width=\"800\" height=\"534\" src=\"https:\/\/kbfi.onesoftmedia.com\/wp-content\/uploads\/2024\/10\/radioaktiv5-1024x683.jpg\" class=\"attachment-large size-large wp-image-163\" alt=\"radioaktiv5\" srcset=\"https:\/\/kbfi.onesoftmedia.com\/wp-content\/uploads\/2024\/10\/radioaktiv5-1024x683.jpg 1024w, https:\/\/kbfi.onesoftmedia.com\/wp-content\/uploads\/2024\/10\/radioaktiv5-300x200.jpg 300w, https:\/\/kbfi.onesoftmedia.com\/wp-content\/uploads\/2024\/10\/radioaktiv5-768x512.jpg 768w, https:\/\/kbfi.onesoftmedia.com\/wp-content\/uploads\/2024\/10\/radioaktiv5.jpg 1200w\" sizes=\"(max-width: 800px) 100vw, 800px\" \/>\t\t\t\t\t\t\t\t\t\t\t\t\t\t\t<\/div>\n\t\t\t\t<\/div>\n\t\t\t\t<div class=\"elementor-element elementor-element-726e78c6 elementor-widget elementor-widget-text-editor\" data-id=\"726e78c6\" data-element_type=\"widget\" data-widget_type=\"text-editor.default\">\n\t\t\t\t<div class=\"elementor-widget-container\">\n\t\t\t\t\t\t\t\t\t<p>A KBFI-UNI\u00d3 Kft. v\u00e1llalja ADR 7-es oszt\u00e1ly szerint, radioakt\u00edv anyagok k\u00f6z\u00fati sz\u00e1ll\u00edt\u00e1s\u00e1t. C\u00e9g\u00fcnk rendelkezik megfelel\u0151 tanus\u00edt\u00e1s\u00fa teherg\u00e9pkocsikkal, k\u00e9pzett szem\u00e9lyzettel \u00e9s a sz\u00fcks\u00e9ges enged\u00e9lyekkel.<\/p><p>A fentieken t\u00fal, seg\u00edts\u00e9get ny\u00fajtunk sug\u00e1rforr\u00e1sok l\u00e9gi sz\u00e1ll\u00edt\u00e1s\u00e1nak el\u0151k\u00e9sz\u00edt\u00e9shez. Tev\u00e9kenys\u00e9g\u00fcnk kiterjed a sug\u00e1rforr\u00e1sok felad\u00e1s\u00e1ra, illetve k\u00fclf\u00f6ldr\u0151l \u00e9rkez\u0151 sug\u00e1rforr\u00e1sok fogad\u00e1s\u00e1ra \u00e9s megfelel\u0151 t\u00e1rol\u00e1s\u00e1ra is. V\u00e1llaljuk tov\u00e1bb\u00e1 vesz\u00e9lyes \u00e1r\u00fak k\u00f6z\u00fati sz\u00e1ll\u00edt\u00e1sa eset\u00e9n c\u00e9gek, v\u00e1llalatok r\u00e9sz\u00e9re a sz\u00e1ll\u00edt\u00e1si biztons\u00e1gi tan\u00e1csad\u00e1st.<\/p>\t\t\t\t\t\t\t\t<\/div>\n\t\t\t\t<\/div>\n\t\t\t\t\t<\/div>\n\t\t<\/div>\n\t\t\t\t\t<\/div>\n\t\t<\/section>\n\t\t\t\t<section class=\"elementor-section elementor-top-section elementor-element elementor-element-5e3078ea elementor-section-boxed elementor-section-height-default elementor-section-height-default\" data-id=\"5e3078ea\" data-element_type=\"section\">\n\t\t\t\t\t\t<div class=\"elementor-container elementor-column-gap-wide\">\n\t\t\t\t\t<div class=\"elementor-column elementor-col-100 elementor-top-column elementor-element elementor-element-41a06ca9\" data-id=\"41a06ca9\" data-element_type=\"column\">\n\t\t\t<div class=\"elementor-widget-wrap elementor-element-populated\">\n\t\t\t\t\t\t<div class=\"elementor-element elementor-element-24d60afb elementor-widget elementor-widget-heading\" data-id=\"24d60afb\" data-element_type=\"widget\" data-widget_type=\"heading.default\">\n\t\t\t\t<div class=\"elementor-widget-container\">\n\t\t\t\t\t<h3 class=\"elementor-heading-title elementor-size-default\">Still no luck? we can help!<\/h3>\t\t\t\t<\/div>\n\t\t\t\t<\/div>\n\t\t\t\t<div class=\"elementor-element elementor-element-2004da54 elementor-align-center elementor-widget elementor-widget-button\" data-id=\"2004da54\" data-element_type=\"widget\" data-widget_type=\"button.default\">\n\t\t\t\t<div class=\"elementor-widget-container\">\n\t\t\t\t\t\t\t\t\t<div class=\"elementor-button-wrapper\">\n\t\t\t\t\t<a class=\"elementor-button elementor-button-link elementor-size-sm\" href=\"https:\/\/energeticthemes.com\/wp-templates\/sanat\/contact-us\/\">\n\t\t\t\t\t\t<span class=\"elementor-button-content-wrapper\">\n\t\t\t\t\t\t\t\t\t<span class=\"elementor-button-text\">Submit a request<\/span>\n\t\t\t\t\t<\/span>\n\t\t\t\t\t<\/a>\n\t\t\t\t<\/div>\n\t\t\t\t\t\t\t\t<\/div>\n\t\t\t\t<\/div>\n\t\t\t\t\t<\/div>\n\t\t<\/div>\n\t\t\t\t\t<\/div>\n\t\t<\/section>\n\t\t\t\t<\/div>\n\t\t","protected":false},"excerpt":{"rendered":"<p>Sug\u00e1rforr\u00e1sok, radioakt\u00edv anyagok sz\u00e1ll\u00edt\u00e1sa A KBFI-UNI\u00d3 Kft. v\u00e1llalja ADR 7-es oszt\u00e1ly szerint, radioakt\u00edv anyagok k\u00f6z\u00fati sz\u00e1ll\u00edt\u00e1s\u00e1t. C\u00e9g\u00fcnk rendelkezik megfelel\u0151 tanus\u00edt\u00e1s\u00fa teherg\u00e9pkocsikkal, k\u00e9pzett szem\u00e9lyzettel \u00e9s a sz\u00fcks\u00e9ges enged\u00e9lyekkel. A fentieken t\u00fal, seg\u00edts\u00e9get ny\u00fajtunk sug\u00e1rforr\u00e1sok l\u00e9gi sz\u00e1ll\u00edt\u00e1s\u00e1nak el\u0151k\u00e9sz\u00edt\u00e9shez. Tev\u00e9kenys\u00e9g\u00fcnk kiterjed a sug\u00e1rforr\u00e1sok felad\u00e1s\u00e1ra, illetve k\u00fclf\u00f6ldr\u0151l \u00e9rkez\u0151 sug\u00e1rforr\u00e1sok fogad\u00e1s\u00e1ra \u00e9s megfelel\u0151 t\u00e1rol\u00e1s\u00e1ra is. V\u00e1llaljuk tov\u00e1bb\u00e1 vesz\u00e9lyes \u00e1r\u00fak k\u00f6z\u00fati [&hellip;]<\/p>\n","protected":false},"author":1,"featured_media":0,"parent":0,"menu_order":0,"comment_status":"closed","ping_status":"closed","template":"","meta":{"footnotes":""},"class_list":["post-184","page","type-page","status-publish","hentry"],"_links":{"self":[{"href":"https:\/\/kbfi.onesoftmedia.com\/index.php\/wp-json\/wp\/v2\/pages\/184","targetHints":{"allow":["GET"]}}],"collection":[{"href":"https:\/\/kbfi.onesoftmedia.com\/index.php\/wp-json\/wp\/v2\/pages"}],"about":[{"href":"https:\/\/kbfi.onesoftmedia.com\/index.php\/wp-json\/wp\/v2\/types\/page"}],"author":[{"embeddable":true,"href":"https:\/\/kbfi.onesoftmedia.com\/index.php\/wp-json\/wp\/v2\/users\/1"}],"replies":[{"embeddable":true,"href":"https:\/\/kbfi.onesoftmedia.com\/index.php\/wp-json\/wp\/v2\/comments?post=184"}],"version-history":[{"count":7,"href":"https:\/\/kbfi.onesoftmedia.com\/index.php\/wp-json\/wp\/v2\/pages\/184\/revisions"}],"predecessor-version":[{"id":349,"href":"https:\/\/kbfi.onesoftmedia.com\/index.php\/wp-json\/wp\/v2\/pages\/184\/revisions\/349"}],"wp:attachment":[{"href":"https:\/\/kbfi.onesoftmedia.com\/index.php\/wp-json\/wp\/v2\/media?parent=184"}],"curies":[{"name":"wp","href":"https:\/\/api.w.org\/{rel}","templated":true}]}}