{"id":204,"date":"2024-10-27T22:19:06","date_gmt":"2024-10-27T22:19:06","guid":{"rendered":"https:\/\/kbfi.onesoftmedia.com\/?page_id=204"},"modified":"2024-11-09T12:50:32","modified_gmt":"2024-11-09T12:50:32","slug":"sugarforrasok-zartsagvizsgalata","status":"publish","type":"page","link":"https:\/\/kbfi.onesoftmedia.com\/index.php\/sugarforrasok-zartsagvizsgalata\/","title":{"rendered":"Sug\u00e1rforr\u00e1sok z\u00e1rts\u00e1gvizsg\u00e1lata"},"content":{"rendered":"\t\t<div data-elementor-type=\"wp-page\" data-elementor-id=\"204\" class=\"elementor elementor-204\" data-elementor-post-type=\"page\">\n\t\t\t\t\t\t<section class=\"elementor-section elementor-top-section elementor-element elementor-element-71a8438f elementor-section-boxed elementor-section-height-default elementor-section-height-default\" data-id=\"71a8438f\" data-element_type=\"section\" data-settings=\"{&quot;background_background&quot;:&quot;classic&quot;}\">\n\t\t\t\t\t\t<div class=\"elementor-container elementor-column-gap-wide\">\n\t\t\t\t\t<div class=\"elementor-column elementor-col-100 elementor-top-column elementor-element elementor-element-3b5d6cda\" data-id=\"3b5d6cda\" data-element_type=\"column\">\n\t\t\t<div class=\"elementor-widget-wrap elementor-element-populated\">\n\t\t\t\t\t\t<div class=\"elementor-element elementor-element-40e21872 elementor-widget elementor-widget-heading\" data-id=\"40e21872\" data-element_type=\"widget\" data-widget_type=\"heading.default\">\n\t\t\t\t<div class=\"elementor-widget-container\">\n\t\t\t\t\t<h3 class=\"elementor-heading-title elementor-size-default\">\nSug\u00e1rforr\u00e1sok z\u00e1rts\u00e1gvizsg\u00e1lata\n\n<\/h3>\t\t\t\t<\/div>\n\t\t\t\t<\/div>\n\t\t\t\t<div class=\"elementor-element elementor-element-fcb2d0e elementor-widget elementor-widget-image\" data-id=\"fcb2d0e\" data-element_type=\"widget\" data-widget_type=\"image.default\">\n\t\t\t\t<div class=\"elementor-widget-container\">\n\t\t\t\t\t\t\t\t\t\t\t\t\t\t\t<img decoding=\"async\" width=\"200\" height=\"157\" src=\"https:\/\/kbfi.onesoftmedia.com\/wp-content\/uploads\/2024\/11\/zartsag.jpg\" class=\"attachment-large size-large wp-image-343\" alt=\"\" \/>\t\t\t\t\t\t\t\t\t\t\t\t\t\t\t<\/div>\n\t\t\t\t<\/div>\n\t\t\t\t<div class=\"elementor-element elementor-element-3db0199c elementor-widget elementor-widget-text-editor\" data-id=\"3db0199c\" data-element_type=\"widget\" data-widget_type=\"text-editor.default\">\n\t\t\t\t<div class=\"elementor-widget-container\">\n\t\t\t\t\t\t\t\t\t<p>T\u00e1rsas\u00e1gunk z\u00e1rt sug\u00e1rforr\u00e1sok z\u00e1rts\u00e1gvizsg\u00e1lat\u00e1t \u00e9vek \u00f3ta v\u00e9gzi. A folyamatos fejleszt\u00e9seknek k\u00f6sz\u00f6nhet\u0151en, partnereink megkeres\u00e9s\u00e9re v\u00e1llani tudjuk a z\u00e1rt sug\u00e1rforr\u00e1sok z\u00e1rts\u00e1gvizsg\u00e1lat\u00e1t, illetve a z\u00e1rt sug\u00e1rforr\u00e1sok szolg\u00e1lati idej\u00e9nek meghosszabb\u00edt\u00e1s\u00e1ban is k\u00f6zrem\u0171k\u00f6d\u00fcnk.<\/p>\t\t\t\t\t\t\t\t<\/div>\n\t\t\t\t<\/div>\n\t\t\t\t<div class=\"elementor-element elementor-element-21908856 elementor-widget elementor-widget-text-editor\" data-id=\"21908856\" data-element_type=\"widget\" data-widget_type=\"text-editor.default\">\n\t\t\t\t<div class=\"elementor-widget-container\">\n\t\t\t\t\t\t\t\t\t<p>2\/2022. (IV. 29.) OAH rendelet<\/p><p>&#8222;V. FEJEZET A RADIOAKT\u00cdV ANYAGOK ALKALMAZ\u00c1S\u00c1RA \u00c9S IONIZ\u00c1L\u00d3 SUG\u00c1RZ\u00c1ST KIBOCS\u00c1T\u00d3 BERENDEZ\u00c9SEK \u00dcZEMELTET\u00c9S\u00c9RE VONATKOZ\u00d3 K\u00d6VETELM\u00c9NYEK<\/p><p>41. \u00a7<\/p><p>(6) A felhaszn\u00e1l\u00e1si id\u0151 meghosszabb\u00edthat\u00f3, alkalmank\u00e9nt legfeljebb 5 \u00e9ves id\u0151tartammal. A z\u00e1rt sug\u00e1rforr\u00e1s felhaszn\u00e1l\u00e1si ideje csak akkor hosszabb\u00edthat\u00f3 meg, ha sug\u00e1rv\u00e9delmi szak\u00e9rt\u0151 bevon\u00e1s\u00e1val elv\u00e9gzett elemz\u00e9s igazolja, hogy a sug\u00e1rforr\u00e1s a tov\u00e1bbi felhaszn\u00e1l\u00e1s sor\u00e1n is biztons\u00e1gosan alkalmazhat\u00f3.&#8221;<\/p>\t\t\t\t\t\t\t\t<\/div>\n\t\t\t\t<\/div>\n\t\t\t\t\t<\/div>\n\t\t<\/div>\n\t\t\t\t\t<\/div>\n\t\t<\/section>\n\t\t\t\t<\/div>\n\t\t","protected":false},"excerpt":{"rendered":"<p>Sug\u00e1rforr\u00e1sok z\u00e1rts\u00e1gvizsg\u00e1lata T\u00e1rsas\u00e1gunk z\u00e1rt sug\u00e1rforr\u00e1sok z\u00e1rts\u00e1gvizsg\u00e1lat\u00e1t \u00e9vek \u00f3ta v\u00e9gzi. A folyamatos fejleszt\u00e9seknek k\u00f6sz\u00f6nhet\u0151en, partnereink megkeres\u00e9s\u00e9re v\u00e1llani tudjuk a z\u00e1rt sug\u00e1rforr\u00e1sok z\u00e1rts\u00e1gvizsg\u00e1lat\u00e1t, illetve a z\u00e1rt sug\u00e1rforr\u00e1sok szolg\u00e1lati idej\u00e9nek meghosszabb\u00edt\u00e1s\u00e1ban is k\u00f6zrem\u0171k\u00f6d\u00fcnk. 2\/2022. (IV. 29.) OAH rendelet &#8222;V. FEJEZET A RADIOAKT\u00cdV ANYAGOK ALKALMAZ\u00c1S\u00c1RA \u00c9S IONIZ\u00c1L\u00d3 SUG\u00c1RZ\u00c1ST KIBOCS\u00c1T\u00d3 BERENDEZ\u00c9SEK \u00dcZEMELTET\u00c9S\u00c9RE VONATKOZ\u00d3 K\u00d6VETELM\u00c9NYEK 41. \u00a7 (6) A felhaszn\u00e1l\u00e1si id\u0151 [&hellip;]<\/p>\n","protected":false},"author":1,"featured_media":0,"parent":0,"menu_order":0,"comment_status":"closed","ping_status":"closed","template":"","meta":{"footnotes":""},"class_list":["post-204","page","type-page","status-publish","hentry"],"_links":{"self":[{"href":"https:\/\/kbfi.onesoftmedia.com\/index.php\/wp-json\/wp\/v2\/pages\/204","targetHints":{"allow":["GET"]}}],"collection":[{"href":"https:\/\/kbfi.onesoftmedia.com\/index.php\/wp-json\/wp\/v2\/pages"}],"about":[{"href":"https:\/\/kbfi.onesoftmedia.com\/index.php\/wp-json\/wp\/v2\/types\/page"}],"author":[{"embeddable":true,"href":"https:\/\/kbfi.onesoftmedia.com\/index.php\/wp-json\/wp\/v2\/users\/1"}],"replies":[{"embeddable":true,"href":"https:\/\/kbfi.onesoftmedia.com\/index.php\/wp-json\/wp\/v2\/comments?post=204"}],"version-history":[{"count":13,"href":"https:\/\/kbfi.onesoftmedia.com\/index.php\/wp-json\/wp\/v2\/pages\/204\/revisions"}],"predecessor-version":[{"id":346,"href":"https:\/\/kbfi.onesoftmedia.com\/index.php\/wp-json\/wp\/v2\/pages\/204\/revisions\/346"}],"wp:attachment":[{"href":"https:\/\/kbfi.onesoftmedia.com\/index.php\/wp-json\/wp\/v2\/media?parent=204"}],"curies":[{"name":"wp","href":"https:\/\/api.w.org\/{rel}","templated":true}]}}