{"id":228,"date":"2024-10-27T22:44:02","date_gmt":"2024-10-27T22:44:02","guid":{"rendered":"https:\/\/kbfi.onesoftmedia.com\/?page_id=228"},"modified":"2024-10-27T22:45:02","modified_gmt":"2024-10-27T22:45:02","slug":"termekek","status":"publish","type":"page","link":"https:\/\/kbfi.onesoftmedia.com\/index.php\/termekek\/","title":{"rendered":"Term\u00e9kek"},"content":{"rendered":"\t\t<div data-elementor-type=\"wp-page\" data-elementor-id=\"228\" class=\"elementor elementor-228\" data-elementor-post-type=\"page\">\n\t\t\t\t\t\t<section class=\"elementor-section elementor-top-section elementor-element elementor-element-1d0a724a elementor-section-boxed elementor-section-height-default elementor-section-height-default\" data-id=\"1d0a724a\" data-element_type=\"section\" data-settings=\"{&quot;background_background&quot;:&quot;classic&quot;}\">\n\t\t\t\t\t\t<div class=\"elementor-container elementor-column-gap-wide\">\n\t\t\t\t\t<div class=\"elementor-column elementor-col-100 elementor-top-column elementor-element elementor-element-7bd5538b\" data-id=\"7bd5538b\" data-element_type=\"column\">\n\t\t\t<div class=\"elementor-widget-wrap elementor-element-populated\">\n\t\t\t\t\t\t<div class=\"elementor-element elementor-element-4ce53a4f elementor-widget elementor-widget-heading\" data-id=\"4ce53a4f\" data-element_type=\"widget\" data-widget_type=\"heading.default\">\n\t\t\t\t<div class=\"elementor-widget-container\">\n\t\t\t\t\t<h3 class=\"elementor-heading-title elementor-size-default\">Term\u00e9kek\n<\/h3>\t\t\t\t<\/div>\n\t\t\t\t<\/div>\n\t\t\t\t<div class=\"elementor-element elementor-element-530f0ffb elementor-widget elementor-widget-text-editor\" data-id=\"530f0ffb\" data-element_type=\"widget\" data-widget_type=\"text-editor.default\">\n\t\t\t\t<div class=\"elementor-widget-container\">\n\t\t\t\t\t\t\t\t\t<p>Radiogr\u00e1fiai eszk\u00f6z\u00f6k gy\u00e1rt\u00e1sa, jav\u00edt\u00e1sa, forgalmaz\u00e1sa nemzetk\u00f6zileg akkredit\u00e1lt -ISO 9001:2015- tev\u00e9kenys\u00e9g keret\u00e9ben.<\/p><p>Sz\u00e1ll\u00edt\u00f3tart\u00f3k \u00e9s defektoszk\u00f3pok gy\u00e1rt\u00e1sa forgalmaz\u00e1sa, amely megfelel a legmagasabb hazai \u00e9s nemzetk\u00f6zi k\u00f6vetelm\u00e9nyeknek \u00e9s az ISO 3999 szabv\u00e1ny el\u0151\u00edr\u00e1sainak.<\/p><p>D\u00f3zism\u00e9r\u0151k (DM-01), d\u00f3zisszintjelz\u0151k (DSZJ-E) sug\u00e1rz\u00e1st jelz\u0151 k\u00e9sz\u00fcl\u00e9kek, l\u00e1mp\u00e1k gy\u00e1rt\u00e1sa, jav\u00edt\u00e1sa.<\/p><p>Sug\u00e1rv\u00e9delmi eszk\u00f6z\u00f6k k\u00e9sz\u00edt\u00e9se, jav\u00edt\u00e1sa.<\/p><p>Egyedi izot\u00f3pos m\u00e9r\u0151rendszerek fejleszt\u00e9se, forgalmaz\u00e1sa, felszerel\u00e9se.<\/p><p>ADR er\u0151\u00edr\u00e1sok szerinti felszerel\u00e9sek k\u00e9sz\u00edt\u00e9se, forgalmaz\u00e1sa.<\/p><p>Film\u00e9rt\u00e9kel\u0151 l\u00e1mp\u00e1k, \u00f3lomsz\u00e1mok, \u00f3lomsz\u00e1mos m\u00e9r\u0151szalagok k\u00e9pmin\u0151s\u00e9g jelz\u0151k, filmleszor\u00edt\u00f3 m\u00e1gnesek forgalmaz\u00e1sa.<\/p><p>Permanens vizsg\u00e1l\u00f3 m\u00e1gnes gy\u00e1rt\u00e1sa m\u00e1gneses reped\u00e9s vizsg\u00e1lathoz.<\/p><p>Ipari r\u00f6ntgenvizsg\u00e1l\u00f3 kabin gy\u00e1rt\u00e1sa.<\/p>\t\t\t\t\t\t\t\t<\/div>\n\t\t\t\t<\/div>\n\t\t\t\t\t<\/div>\n\t\t<\/div>\n\t\t\t\t\t<\/div>\n\t\t<\/section>\n\t\t\t\t<\/div>\n\t\t","protected":false},"excerpt":{"rendered":"<p>Term\u00e9kek Radiogr\u00e1fiai eszk\u00f6z\u00f6k gy\u00e1rt\u00e1sa, jav\u00edt\u00e1sa, forgalmaz\u00e1sa nemzetk\u00f6zileg akkredit\u00e1lt -ISO 9001:2015- tev\u00e9kenys\u00e9g keret\u00e9ben. Sz\u00e1ll\u00edt\u00f3tart\u00f3k \u00e9s defektoszk\u00f3pok gy\u00e1rt\u00e1sa forgalmaz\u00e1sa, amely megfelel a legmagasabb hazai \u00e9s nemzetk\u00f6zi k\u00f6vetelm\u00e9nyeknek \u00e9s az ISO 3999 szabv\u00e1ny el\u0151\u00edr\u00e1sainak. D\u00f3zism\u00e9r\u0151k (DM-01), d\u00f3zisszintjelz\u0151k (DSZJ-E) sug\u00e1rz\u00e1st jelz\u0151 k\u00e9sz\u00fcl\u00e9kek, l\u00e1mp\u00e1k gy\u00e1rt\u00e1sa, jav\u00edt\u00e1sa. Sug\u00e1rv\u00e9delmi eszk\u00f6z\u00f6k k\u00e9sz\u00edt\u00e9se, jav\u00edt\u00e1sa. Egyedi izot\u00f3pos m\u00e9r\u0151rendszerek fejleszt\u00e9se, forgalmaz\u00e1sa, felszerel\u00e9se. ADR er\u0151\u00edr\u00e1sok szerinti felszerel\u00e9sek [&hellip;]<\/p>\n","protected":false},"author":1,"featured_media":0,"parent":0,"menu_order":0,"comment_status":"closed","ping_status":"closed","template":"","meta":{"footnotes":""},"class_list":["post-228","page","type-page","status-publish","hentry"],"_links":{"self":[{"href":"https:\/\/kbfi.onesoftmedia.com\/index.php\/wp-json\/wp\/v2\/pages\/228","targetHints":{"allow":["GET"]}}],"collection":[{"href":"https:\/\/kbfi.onesoftmedia.com\/index.php\/wp-json\/wp\/v2\/pages"}],"about":[{"href":"https:\/\/kbfi.onesoftmedia.com\/index.php\/wp-json\/wp\/v2\/types\/page"}],"author":[{"embeddable":true,"href":"https:\/\/kbfi.onesoftmedia.com\/index.php\/wp-json\/wp\/v2\/users\/1"}],"replies":[{"embeddable":true,"href":"https:\/\/kbfi.onesoftmedia.com\/index.php\/wp-json\/wp\/v2\/comments?post=228"}],"version-history":[{"count":4,"href":"https:\/\/kbfi.onesoftmedia.com\/index.php\/wp-json\/wp\/v2\/pages\/228\/revisions"}],"predecessor-version":[{"id":232,"href":"https:\/\/kbfi.onesoftmedia.com\/index.php\/wp-json\/wp\/v2\/pages\/228\/revisions\/232"}],"wp:attachment":[{"href":"https:\/\/kbfi.onesoftmedia.com\/index.php\/wp-json\/wp\/v2\/media?parent=228"}],"curies":[{"name":"wp","href":"https:\/\/api.w.org\/{rel}","templated":true}]}}