{"id":233,"date":"2024-10-27T22:45:49","date_gmt":"2024-10-27T22:45:49","guid":{"rendered":"https:\/\/kbfi.onesoftmedia.com\/?page_id=233"},"modified":"2024-10-27T22:54:43","modified_gmt":"2024-10-27T22:54:43","slug":"defektoszkopok-szallitotartok","status":"publish","type":"page","link":"https:\/\/kbfi.onesoftmedia.com\/index.php\/defektoszkopok-szallitotartok\/","title":{"rendered":"Defektoszk\u00f3pok, sz\u00e1ll\u00edt\u00f3tart\u00f3k"},"content":{"rendered":"\t\t<div data-elementor-type=\"wp-page\" data-elementor-id=\"233\" class=\"elementor elementor-233\" data-elementor-post-type=\"page\">\n\t\t\t\t\t\t<section class=\"elementor-section elementor-top-section elementor-element elementor-element-88eaf96 elementor-section-boxed elementor-section-height-default elementor-section-height-default\" data-id=\"88eaf96\" data-element_type=\"section\" data-settings=\"{&quot;background_background&quot;:&quot;classic&quot;}\">\n\t\t\t\t\t\t<div class=\"elementor-container elementor-column-gap-wide\">\n\t\t\t\t\t<div class=\"elementor-column elementor-col-100 elementor-top-column elementor-element elementor-element-40cdba0a\" data-id=\"40cdba0a\" data-element_type=\"column\">\n\t\t\t<div class=\"elementor-widget-wrap elementor-element-populated\">\n\t\t\t\t\t\t<div class=\"elementor-element elementor-element-1d4506b2 elementor-widget elementor-widget-heading\" data-id=\"1d4506b2\" data-element_type=\"widget\" data-widget_type=\"heading.default\">\n\t\t\t\t<div class=\"elementor-widget-container\">\n\t\t\t\t\t<h3 class=\"elementor-heading-title elementor-size-default\">\nDefektoszk\u00f3pok, sz\u00e1ll\u00edt\u00f3tart\u00f3k\n\n<\/h3>\t\t\t\t<\/div>\n\t\t\t\t<\/div>\n\t\t\t\t<div class=\"elementor-element elementor-element-e41410c elementor-position-left elementor-vertical-align-top elementor-widget elementor-widget-image-box\" data-id=\"e41410c\" data-element_type=\"widget\" data-widget_type=\"image-box.default\">\n\t\t\t\t<div class=\"elementor-widget-container\">\n\t\t\t\t\t<div class=\"elementor-image-box-wrapper\"><figure class=\"elementor-image-box-img\"><img fetchpriority=\"high\" decoding=\"async\" width=\"331\" height=\"248\" src=\"https:\/\/kbfi.onesoftmedia.com\/wp-content\/uploads\/2024\/10\/xtak_22_se_006.jpgqitokDLCRXMLc.pagespeed.ic_.M2qNCEXkUG.webp\" class=\"attachment-full size-full wp-image-235\" alt=\"xtak_22_se_006.jpg,qitok=DLCRXMLc.pagespeed.ic.M2qNCEXkUG\" srcset=\"https:\/\/kbfi.onesoftmedia.com\/wp-content\/uploads\/2024\/10\/xtak_22_se_006.jpgqitokDLCRXMLc.pagespeed.ic_.M2qNCEXkUG.webp 331w, https:\/\/kbfi.onesoftmedia.com\/wp-content\/uploads\/2024\/10\/xtak_22_se_006.jpgqitokDLCRXMLc.pagespeed.ic_.M2qNCEXkUG-300x225.webp 300w\" sizes=\"(max-width: 331px) 100vw, 331px\" \/><\/figure><div class=\"elementor-image-box-content\"><h3 class=\"elementor-image-box-title\"> TAK 22 Se t\u00edpus\u00fa radiogr\u00e1fiai felv\u00e9telk\u00e9sz\u00edt\u0151 berendez\u00e9s<\/h3><p class=\"elementor-image-box-description\">Gy\u00e1rt\u00f3:\tKBFI-UNI\u00d3 Kft.|\nMax. aktivit\u00e1s:\t3 TBq Se-75 |\nT\u00edpus (csomagol\u00e1s):\tA |\nM\u00e9ret:\t420x160x130 |\nT\u00f6meg:\t12 kg |\nKivez\u00e9rl\u0151 szerkezet:\t6 m |\nVez\u00e9rl\u0151 szerkezet:\t7,5m vagy 10 m\n\n<\/p><\/div><\/div>\t\t\t\t<\/div>\n\t\t\t\t<\/div>\n\t\t\t\t<div class=\"elementor-element elementor-element-cdb3003 elementor-position-left elementor-vertical-align-top elementor-widget elementor-widget-image-box\" data-id=\"cdb3003\" data-element_type=\"widget\" data-widget_type=\"image-box.default\">\n\t\t\t\t<div class=\"elementor-widget-container\">\n\t\t\t\t\t<div class=\"elementor-image-box-wrapper\"><figure class=\"elementor-image-box-img\"><img decoding=\"async\" width=\"331\" height=\"248\" src=\"https:\/\/kbfi.onesoftmedia.com\/wp-content\/uploads\/2024\/10\/tak-21.jpg\" class=\"attachment-full size-full wp-image-236\" alt=\"tak-21\" srcset=\"https:\/\/kbfi.onesoftmedia.com\/wp-content\/uploads\/2024\/10\/tak-21.jpg 331w, https:\/\/kbfi.onesoftmedia.com\/wp-content\/uploads\/2024\/10\/tak-21-300x225.jpg 300w\" sizes=\"(max-width: 331px) 100vw, 331px\" \/><\/figure><div class=\"elementor-image-box-content\"><h3 class=\"elementor-image-box-title\"> TAK 21 t\u00edpus\u00fa radiogr\u00e1fiai felv\u00e9telk\u00e9sz\u00edt\u0151 berendez\u00e9s<\/h3><p class=\"elementor-image-box-description\">Gy\u00e1rt\u00f3:\tKBFI-UNI\u00d3 Kft.|\nMax. aktivit\u00e1s:\t1,5 TBq Ir-192 \/ 3 TBq Se-75 |\nT\u00edpus (csomagol\u00e1s):\tB(U) |\nM\u00e9ret:\t275x135x240 |\nT\u00f6meg:\t19 kg |\nKivez\u00e9rl\u0151 szerkezet:\t6 m |\nVez\u00e9rl\u0151 szerkezet:\t7,5 m vagy 10 m |<\/p><\/div><\/div>\t\t\t\t<\/div>\n\t\t\t\t<\/div>\n\t\t\t\t<div class=\"elementor-element elementor-element-10a04ef elementor-position-left elementor-vertical-align-top elementor-widget elementor-widget-image-box\" data-id=\"10a04ef\" data-element_type=\"widget\" data-widget_type=\"image-box.default\">\n\t\t\t\t<div class=\"elementor-widget-container\">\n\t\t\t\t\t<div class=\"elementor-image-box-wrapper\"><figure class=\"elementor-image-box-img\"><img decoding=\"async\" width=\"333\" height=\"248\" src=\"https:\/\/kbfi.onesoftmedia.com\/wp-content\/uploads\/2024\/10\/sz_tarto.jpg\" class=\"attachment-full size-full wp-image-237\" alt=\"\" srcset=\"https:\/\/kbfi.onesoftmedia.com\/wp-content\/uploads\/2024\/10\/sz_tarto.jpg 333w, https:\/\/kbfi.onesoftmedia.com\/wp-content\/uploads\/2024\/10\/sz_tarto-300x223.jpg 300w\" sizes=\"(max-width: 333px) 100vw, 333px\" \/><\/figure><div class=\"elementor-image-box-content\"><h3 class=\"elementor-image-box-title\"> SZT sz\u00e1ll\u00edt\u00f3tart\u00f3k<\/h3><p class=\"elementor-image-box-description\">Gy\u00e1rt\u00f3:\tKBFI UNIO Kft. |\nMax. aktivit\u00e1s:\t3,7 TBq (100Ci) Ir-192 |\nT\u00edpus (csomagol\u00e1s):\tB(U) |\nM\u00e9ret:\t285 x 360 x 360 mm |\nT\u00f6meg:\t59 kg<\/p><\/div><\/div>\t\t\t\t<\/div>\n\t\t\t\t<\/div>\n\t\t\t\t<div class=\"elementor-element elementor-element-d6c4d5b elementor-widget elementor-widget-text-editor\" data-id=\"d6c4d5b\" data-element_type=\"widget\" data-widget_type=\"text-editor.default\">\n\t\t\t\t<div class=\"elementor-widget-container\">\n\t\t\t\t\t\t\t\t\t<div class=\"field field-name-body field-type-text-with-summary field-label-hidden\"><div class=\"field-items\"><div class=\"field-item even\"><p>A KBFI-UNI\u00d3 Kft. TAK 21 t\u00edpus\u00fa felv\u00e9telk\u00e9sz\u00edt\u0151 berendez\u00e9se megfelel a hazai sug\u00e1rv\u00e9delmi, valamint az ISO 3999 m\u0171szaki k\u00f6vetelm\u00e9nyeinek. Alkalmazhat\u00f3 \u00fczemi \u00e9s helysz\u00edni radiogr\u00e1fiai vizsg\u00e1latokn\u00e1l.<\/p><\/div><\/div><\/div>\t\t\t\t\t\t\t\t<\/div>\n\t\t\t\t<\/div>\n\t\t\t\t\t<\/div>\n\t\t<\/div>\n\t\t\t\t\t<\/div>\n\t\t<\/section>\n\t\t\t\t<\/div>\n\t\t","protected":false},"excerpt":{"rendered":"<p>Defektoszk\u00f3pok, sz\u00e1ll\u00edt\u00f3tart\u00f3k TAK 22 Se t\u00edpus\u00fa radiogr\u00e1fiai felv\u00e9telk\u00e9sz\u00edt\u0151 berendez\u00e9s Gy\u00e1rt\u00f3: KBFI-UNI\u00d3 Kft.| Max. aktivit\u00e1s: 3 TBq Se-75 | T\u00edpus (csomagol\u00e1s): A | M\u00e9ret: 420x160x130 | T\u00f6meg: 12 kg | Kivez\u00e9rl\u0151 szerkezet: 6 m | Vez\u00e9rl\u0151 szerkezet: 7,5m vagy 10 m TAK 21 t\u00edpus\u00fa radiogr\u00e1fiai felv\u00e9telk\u00e9sz\u00edt\u0151 berendez\u00e9s Gy\u00e1rt\u00f3: KBFI-UNI\u00d3 Kft.| Max. aktivit\u00e1s: 1,5 TBq Ir-192 \/ [&hellip;]<\/p>\n","protected":false},"author":1,"featured_media":0,"parent":0,"menu_order":0,"comment_status":"closed","ping_status":"closed","template":"","meta":{"footnotes":""},"class_list":["post-233","page","type-page","status-publish","hentry"],"_links":{"self":[{"href":"https:\/\/kbfi.onesoftmedia.com\/index.php\/wp-json\/wp\/v2\/pages\/233","targetHints":{"allow":["GET"]}}],"collection":[{"href":"https:\/\/kbfi.onesoftmedia.com\/index.php\/wp-json\/wp\/v2\/pages"}],"about":[{"href":"https:\/\/kbfi.onesoftmedia.com\/index.php\/wp-json\/wp\/v2\/types\/page"}],"author":[{"embeddable":true,"href":"https:\/\/kbfi.onesoftmedia.com\/index.php\/wp-json\/wp\/v2\/users\/1"}],"replies":[{"embeddable":true,"href":"https:\/\/kbfi.onesoftmedia.com\/index.php\/wp-json\/wp\/v2\/comments?post=233"}],"version-history":[{"count":4,"href":"https:\/\/kbfi.onesoftmedia.com\/index.php\/wp-json\/wp\/v2\/pages\/233\/revisions"}],"predecessor-version":[{"id":240,"href":"https:\/\/kbfi.onesoftmedia.com\/index.php\/wp-json\/wp\/v2\/pages\/233\/revisions\/240"}],"wp:attachment":[{"href":"https:\/\/kbfi.onesoftmedia.com\/index.php\/wp-json\/wp\/v2\/media?parent=233"}],"curies":[{"name":"wp","href":"https:\/\/api.w.org\/{rel}","templated":true}]}}