{"id":241,"date":"2024-10-27T23:00:28","date_gmt":"2024-10-27T23:00:28","guid":{"rendered":"https:\/\/kbfi.onesoftmedia.com\/?page_id=241"},"modified":"2024-11-09T12:21:47","modified_gmt":"2024-11-09T12:21:47","slug":"sugarvedelmi-eszkozok","status":"publish","type":"page","link":"https:\/\/kbfi.onesoftmedia.com\/index.php\/sugarvedelmi-eszkozok\/","title":{"rendered":"Sug\u00e1rv\u00e9delmi eszk\u00f6z\u00f6k"},"content":{"rendered":"\t\t<div data-elementor-type=\"wp-page\" data-elementor-id=\"241\" class=\"elementor elementor-241\" data-elementor-post-type=\"page\">\n\t\t\t\t\t\t<section class=\"elementor-section elementor-top-section elementor-element elementor-element-194b860d elementor-section-boxed elementor-section-height-default elementor-section-height-default\" data-id=\"194b860d\" data-element_type=\"section\" data-settings=\"{&quot;background_background&quot;:&quot;classic&quot;}\">\n\t\t\t\t\t\t<div class=\"elementor-container elementor-column-gap-wide\">\n\t\t\t\t\t<div class=\"elementor-column elementor-col-100 elementor-top-column elementor-element elementor-element-1619a63d\" data-id=\"1619a63d\" data-element_type=\"column\">\n\t\t\t<div class=\"elementor-widget-wrap elementor-element-populated\">\n\t\t\t\t\t\t<div class=\"elementor-element elementor-element-3a563f5d elementor-widget elementor-widget-heading\" data-id=\"3a563f5d\" data-element_type=\"widget\" data-widget_type=\"heading.default\">\n\t\t\t\t<div class=\"elementor-widget-container\">\n\t\t\t\t\t<h3 class=\"elementor-heading-title elementor-size-default\">\nSug\u00e1rv\u00e9delmi eszk\u00f6z\u00f6k\n\n<\/h3>\t\t\t\t<\/div>\n\t\t\t\t<\/div>\n\t\t\t\t<div class=\"elementor-element elementor-element-33a3dc0 elementor-position-left elementor-vertical-align-top elementor-widget elementor-widget-image-box\" data-id=\"33a3dc0\" data-element_type=\"widget\" data-widget_type=\"image-box.default\">\n\t\t\t\t<div class=\"elementor-widget-container\">\n\t\t\t\t\t<div class=\"elementor-image-box-wrapper\"><figure class=\"elementor-image-box-img\"><img fetchpriority=\"high\" decoding=\"async\" width=\"330\" height=\"248\" src=\"https:\/\/kbfi.onesoftmedia.com\/wp-content\/uploads\/2024\/10\/kollimator.jpg\" class=\"attachment-full size-full wp-image-243\" alt=\"kollimator\" srcset=\"https:\/\/kbfi.onesoftmedia.com\/wp-content\/uploads\/2024\/10\/kollimator.jpg 330w, https:\/\/kbfi.onesoftmedia.com\/wp-content\/uploads\/2024\/10\/kollimator-300x225.jpg 300w\" sizes=\"(max-width: 330px) 100vw, 330px\" \/><\/figure><div class=\"elementor-image-box-content\"><h3 class=\"elementor-image-box-title\">Kollim\u00e1tor<\/h3><p class=\"elementor-image-box-description\">Gy\u00e1rt\u00f3:\tKBFI-UNI\u00d3 Kft. |\nM\u00e9ret:\tIg\u00e9ny szerint |\nAnyag:\tWolfram<\/p><\/div><\/div>\t\t\t\t<\/div>\n\t\t\t\t<\/div>\n\t\t\t\t<div class=\"elementor-element elementor-element-1eaa4fae elementor-widget elementor-widget-text-editor\" data-id=\"1eaa4fae\" data-element_type=\"widget\" data-widget_type=\"text-editor.default\">\n\t\t\t\t<div class=\"elementor-widget-container\">\n\t\t\t\t\t\t\t\t\t<p>Radioizot\u00f3pos anyagvizsg\u00e1lat v\u00e9gz\u00e9s\u00e9n\u00e9l k\u00f6telez\u0151 a kollim\u00e1tor haszn\u00e1lata. A sug\u00e1rz\u00e1s ir\u00e1nya, t\u00e9rsz\u00f6g\u00e9nek meghat\u00e1roz\u00e1sa a Megrendel\u0151 ig\u00e9nye szerint, a sug\u00e1rz\u00e1sgyeng\u00edt\u0151 nagys\u00e1ga a hat\u00f3s\u00e1gi el\u0151\u00edr\u00e1soknak megfelel\u0151en van kialak\u00edtva.<\/p>\t\t\t\t\t\t\t\t<\/div>\n\t\t\t\t<\/div>\n\t\t\t\t<div class=\"elementor-element elementor-element-fb81370 elementor-position-left elementor-vertical-align-top elementor-widget elementor-widget-image-box\" data-id=\"fb81370\" data-element_type=\"widget\" data-widget_type=\"image-box.default\">\n\t\t\t\t<div class=\"elementor-widget-container\">\n\t\t\t\t\t<div class=\"elementor-image-box-wrapper\"><figure class=\"elementor-image-box-img\"><img decoding=\"async\" width=\"331\" height=\"248\" src=\"https:\/\/kbfi.onesoftmedia.com\/wp-content\/uploads\/2024\/10\/olombelelesu_paravan_002.jpg\" class=\"attachment-full size-full wp-image-244\" alt=\"olombelelesu_paravan_002\" srcset=\"https:\/\/kbfi.onesoftmedia.com\/wp-content\/uploads\/2024\/10\/olombelelesu_paravan_002.jpg 331w, https:\/\/kbfi.onesoftmedia.com\/wp-content\/uploads\/2024\/10\/olombelelesu_paravan_002-300x225.jpg 300w\" sizes=\"(max-width: 331px) 100vw, 331px\" \/><\/figure><div class=\"elementor-image-box-content\"><h3 class=\"elementor-image-box-title\">Parav\u00e1nok<\/h3><p class=\"elementor-image-box-description\">Gy\u00e1rt\u00f3:\tKBFI-UNI\u00d3 Kft. |\nM\u00e9ret:\tIg\u00e9ny szerint 1.-5 mm-es \u00f3lom b\u00e9l\u00e9ssel |\nT\u00f6meg:\tKb. 12 kg \/ mm\/m2 |\nBurkolat:\t\u00dct\u00e9s\u00e1ll\u00f3 ac\u00e9l burkolat <\/p><\/div><\/div>\t\t\t\t<\/div>\n\t\t\t\t<\/div>\n\t\t\t\t<div class=\"elementor-element elementor-element-d463afd elementor-widget elementor-widget-text-editor\" data-id=\"d463afd\" data-element_type=\"widget\" data-widget_type=\"text-editor.default\">\n\t\t\t\t<div class=\"elementor-widget-container\">\n\t\t\t\t\t\t\t\t\tRadioakt\u00edv gamma \u00e9s r\u00f6ntgen sug\u00e1rz\u00e1s cs\u00f6kkent\u00e9s\u00e9re alkalmazhat\u00f3, az el\u0151\u00edrt d\u00f3zishat\u00e1rok betart\u00e1sa \u00e9rdek\u00e9ben. A munkater\u00fclet, vagy egy\u00e9b sug\u00e1rvesz\u00e9lyes z\u00f3na lez\u00e1r\u00e1s\u00e1t kieg\u00e9sz\u00edt\u0151 eszk\u00f6z.\t\t\t\t\t\t\t\t<\/div>\n\t\t\t\t<\/div>\n\t\t\t\t<div class=\"elementor-element elementor-element-1248df8 elementor-position-left elementor-vertical-align-top elementor-widget elementor-widget-image-box\" data-id=\"1248df8\" data-element_type=\"widget\" data-widget_type=\"image-box.default\">\n\t\t\t\t<div class=\"elementor-widget-container\">\n\t\t\t\t\t<div class=\"elementor-image-box-wrapper\"><figure class=\"elementor-image-box-img\"><img decoding=\"async\" width=\"150\" height=\"150\" src=\"https:\/\/kbfi.onesoftmedia.com\/wp-content\/uploads\/2024\/11\/ipari_rontgenvizsgalo_szekreny-150x150.jpg\" class=\"attachment-thumbnail size-thumbnail wp-image-329\" alt=\"\" \/><\/figure><div class=\"elementor-image-box-content\"><h3 class=\"elementor-image-box-title\"> Ipari r\u00f6ntgen vizsg\u00e1l\u00f3 szekr\u00e9ny<\/h3><p class=\"elementor-image-box-description\">Gy\u00e1rt\u00f3:\tKBFI-UNI\u00d3 Kft. |\nM\u00e9ret:\tEgyedi ig\u00e9ny szerint<\/p><\/div><\/div>\t\t\t\t<\/div>\n\t\t\t\t<\/div>\n\t\t\t\t<div class=\"elementor-element elementor-element-d9ec666 elementor-widget elementor-widget-text-editor\" data-id=\"d9ec666\" data-element_type=\"widget\" data-widget_type=\"text-editor.default\">\n\t\t\t\t<div class=\"elementor-widget-container\">\n\t\t\t\t\t\t\t\t\t<div class=\"field field-name-body field-type-text-with-summary field-label-hidden\"><div class=\"field-items\"><div class=\"field-item even\"><p>R\u00f6ntgen vizsg\u00e1l\u00f3szekr\u00e9ny kisebb munkadarabok radiogr\u00e1fiai vizsg\u00e1lat\u00e1t teszi lehet\u0151v\u00e9 olyan munkahelyeken, ahol a k\u00f6zelben dolgoz\u00f3k sug\u00e1rv\u00e9delm\u00e9t egy\u00e9b sug\u00e1rv\u00e9delmi int\u00e9zked\u00e9sek nem biztos\u00edtj\u00e1k. Legnagyobb sug\u00e1rintenzit\u00e1s a szekr\u00e9ny k\u00fcls\u0151 fel\u00fclet\u00e9n: 1 \u00b5Sv\/h<\/p><\/div><\/div><\/div>\t\t\t\t\t\t\t\t<\/div>\n\t\t\t\t<\/div>\n\t\t\t\t\t<\/div>\n\t\t<\/div>\n\t\t\t\t\t<\/div>\n\t\t<\/section>\n\t\t\t\t<\/div>\n\t\t","protected":false},"excerpt":{"rendered":"<p>Sug\u00e1rv\u00e9delmi eszk\u00f6z\u00f6k Kollim\u00e1tor Gy\u00e1rt\u00f3: KBFI-UNI\u00d3 Kft. | M\u00e9ret: Ig\u00e9ny szerint | Anyag: Wolfram Radioizot\u00f3pos anyagvizsg\u00e1lat v\u00e9gz\u00e9s\u00e9n\u00e9l k\u00f6telez\u0151 a kollim\u00e1tor haszn\u00e1lata. A sug\u00e1rz\u00e1s ir\u00e1nya, t\u00e9rsz\u00f6g\u00e9nek meghat\u00e1roz\u00e1sa a Megrendel\u0151 ig\u00e9nye szerint, a sug\u00e1rz\u00e1sgyeng\u00edt\u0151 nagys\u00e1ga a hat\u00f3s\u00e1gi el\u0151\u00edr\u00e1soknak megfelel\u0151en van kialak\u00edtva. Parav\u00e1nok Gy\u00e1rt\u00f3: KBFI-UNI\u00d3 Kft. | M\u00e9ret: Ig\u00e9ny szerint 1.-5 mm-es \u00f3lom b\u00e9l\u00e9ssel | T\u00f6meg: Kb. 12 kg [&hellip;]<\/p>\n","protected":false},"author":1,"featured_media":0,"parent":0,"menu_order":0,"comment_status":"closed","ping_status":"closed","template":"","meta":{"footnotes":""},"class_list":["post-241","page","type-page","status-publish","hentry"],"_links":{"self":[{"href":"https:\/\/kbfi.onesoftmedia.com\/index.php\/wp-json\/wp\/v2\/pages\/241","targetHints":{"allow":["GET"]}}],"collection":[{"href":"https:\/\/kbfi.onesoftmedia.com\/index.php\/wp-json\/wp\/v2\/pages"}],"about":[{"href":"https:\/\/kbfi.onesoftmedia.com\/index.php\/wp-json\/wp\/v2\/types\/page"}],"author":[{"embeddable":true,"href":"https:\/\/kbfi.onesoftmedia.com\/index.php\/wp-json\/wp\/v2\/users\/1"}],"replies":[{"embeddable":true,"href":"https:\/\/kbfi.onesoftmedia.com\/index.php\/wp-json\/wp\/v2\/comments?post=241"}],"version-history":[{"count":7,"href":"https:\/\/kbfi.onesoftmedia.com\/index.php\/wp-json\/wp\/v2\/pages\/241\/revisions"}],"predecessor-version":[{"id":332,"href":"https:\/\/kbfi.onesoftmedia.com\/index.php\/wp-json\/wp\/v2\/pages\/241\/revisions\/332"}],"wp:attachment":[{"href":"https:\/\/kbfi.onesoftmedia.com\/index.php\/wp-json\/wp\/v2\/media?parent=241"}],"curies":[{"name":"wp","href":"https:\/\/api.w.org\/{rel}","templated":true}]}}